{"id":387,"date":"2019-02-06T15:29:31","date_gmt":"2019-02-06T19:29:31","guid":{"rendered":"http:\/\/concerned-coyote.w5.wpsandbox.pro\/?page_id=387"},"modified":"2025-03-07T19:05:32","modified_gmt":"2025-03-07T23:05:32","slug":"contact","status":"publish","type":"page","link":"https:\/\/nxt-formation.com\/home\/contact\/","title":{"rendered":"Cont\u00e1ctanos"},"content":{"rendered":"\t\t<div data-elementor-type=\"wp-page\" data-elementor-id=\"387\" class=\"elementor elementor-387\">\n\t\t\t\t\t\t<section class=\"elementor-section elementor-top-section elementor-element elementor-element-4835a052 elementor-section-boxed elementor-section-height-default elementor-section-height-default\" data-id=\"4835a052\" data-element_type=\"section\">\n\t\t\t\t\t\t<div class=\"elementor-container elementor-column-gap-default\">\n\t\t\t\t\t<div class=\"elementor-column elementor-col-100 elementor-top-column elementor-element elementor-element-63e8ea7b\" data-id=\"63e8ea7b\" data-element_type=\"column\">\n\t\t\t<div class=\"elementor-widget-wrap elementor-element-populated\">\n\t\t\t\t\t\t<div class=\"elementor-element elementor-element-237d4c80 elementor-widget elementor-widget-text-editor\" data-id=\"237d4c80\" data-element_type=\"widget\" data-widget_type=\"text-editor.default\">\n\t\t\t\t<div class=\"elementor-widget-container\">\n\t\t\t\t\t\t\t\t\t<p>Llena el siguiente formulario con tus requerimientos.<\/p>\t\t\t\t\t\t\t\t<\/div>\n\t\t\t\t<\/div>\n\t\t\t\t\t<\/div>\n\t\t<\/div>\n\t\t\t\t\t<\/div>\n\t\t<\/section>\n\t\t\t\t<section class=\"elementor-section elementor-top-section elementor-element elementor-element-33af250 elementor-section-boxed elementor-section-height-default elementor-section-height-default\" data-id=\"33af250\" data-element_type=\"section\">\n\t\t\t\t\t\t<div class=\"elementor-container elementor-column-gap-default\">\n\t\t\t\t\t<div class=\"elementor-column elementor-col-100 elementor-top-column elementor-element elementor-element-1ac189d\" data-id=\"1ac189d\" data-element_type=\"column\">\n\t\t\t<div class=\"elementor-widget-wrap elementor-element-populated\">\n\t\t\t\t\t\t<div class=\"elementor-element elementor-element-55688af elementor-widget elementor-widget-heading\" data-id=\"55688af\" data-element_type=\"widget\" data-widget_type=\"heading.default\">\n\t\t\t\t<div class=\"elementor-widget-container\">\n\t\t\t\t\t<h2 class=\"elementor-heading-title elementor-size-default\">Pol\u00edtica de privacidad de datos<\/h2>\t\t\t\t<\/div>\n\t\t\t\t<\/div>\n\t\t\t\t<div class=\"elementor-element elementor-element-fb37878 elementor-widget elementor-widget-spacer\" data-id=\"fb37878\" data-element_type=\"widget\" data-widget_type=\"spacer.default\">\n\t\t\t\t<div class=\"elementor-widget-container\">\n\t\t\t\t\t\t\t<div class=\"elementor-spacer\">\n\t\t\t<div class=\"elementor-spacer-inner\"><\/div>\n\t\t<\/div>\n\t\t\t\t\t\t<\/div>\n\t\t\t\t<\/div>\n\t\t\t\t<div class=\"elementor-element elementor-element-bace841 elementor-widget elementor-widget-heading\" data-id=\"bace841\" data-element_type=\"widget\" data-widget_type=\"heading.default\">\n\t\t\t\t<div class=\"elementor-widget-container\">\n\t\t\t\t\t<h2 class=\"elementor-heading-title elementor-size-default\">Pol\u00edtica de Privacidad y uso de datos<\/h2>\t\t\t\t<\/div>\n\t\t\t\t<\/div>\n\t\t\t\t\t<\/div>\n\t\t<\/div>\n\t\t\t\t\t<\/div>\n\t\t<\/section>\n\t\t\t\t<section class=\"elementor-section elementor-top-section elementor-element elementor-element-e196ce1 elementor-section-boxed elementor-section-height-default elementor-section-height-default\" data-id=\"e196ce1\" data-element_type=\"section\">\n\t\t\t\t\t\t<div class=\"elementor-container elementor-column-gap-default\">\n\t\t\t\t\t<div class=\"elementor-column elementor-col-100 elementor-top-column elementor-element elementor-element-6635dbc\" data-id=\"6635dbc\" data-element_type=\"column\">\n\t\t\t<div class=\"elementor-widget-wrap elementor-element-populated\">\n\t\t\t\t\t\t<div class=\"elementor-element elementor-element-3083216 elementor-widget elementor-widget-text-editor\" data-id=\"3083216\" data-element_type=\"widget\" data-widget_type=\"text-editor.default\">\n\t\t\t\t<div class=\"elementor-widget-container\">\n\t\t\t\t\t\t\t\t\t<p style=\"font-weight: 400;\"><span style=\"font-style: inherit; font-weight: inherit; color: var( --e-global-color-text ); letter-spacing: 0.01em;\">Next Formation C.A. y los organizadores de los cursos se reservan el derecho de realizar an\u00e1lisis del tiempo de conexi\u00f3n de los usuarios, con el objetivo de evaluar su comportamiento y caracter\u00edsticas para determinar el acceso y la participaci\u00f3n en los cursos.<\/span><\/p><p style=\"margin-bottom: 0cm;\">Es importante que los usuarios sean conscientes de que ciertos datos no personales, como el sistema operativo, el pa\u00eds de origen, y la fecha y hora de acceso al campus, pueden ser recolectados autom\u00e1ticamente para facilitar el acceso y uso del campus virtual. Adem\u00e1s, el campus utiliza cookies, peque\u00f1os archivos de datos generados en el dispositivo del usuario, que nos permiten obtener informaci\u00f3n t\u00e9cnica esencial para el buen funcionamiento de los servicios ofrecidos. El usuario puede optar por desactivar las cookies a trav\u00e9s de la configuraci\u00f3n de su navegador, aunque Next Formation C.A. no se responsabiliza por el posible mal funcionamiento del campus virtual si las cookies son desactivadas.<\/p><p style=\"margin-bottom: 0cm;\">\u00a0<\/p><p style=\"margin-bottom: 0cm;\">Los usuarios que proporcionen datos personales otorgan su consentimiento expreso a Next Formation C.A. y a los organizadores de los cursos para la utilizaci\u00f3n de dichos datos en actividades relacionadas con el objetivo social de la empresa. Al proporcionar sus datos durante el proceso de solicitud de informaci\u00f3n y\/o inscripci\u00f3n al curso, los usuarios son informados de que dichos datos podr\u00e1n ser utilizados con estos fines.<\/p><p style=\"margin-bottom: 0cm;\">\u00a0<\/p><p style=\"margin-bottom: 0cm;\">En el momento de la recolecci\u00f3n de datos, se indicar\u00e1 claramente si la provisi\u00f3n de los mismos es voluntaria u obligatoria. La negativa a proporcionar los datos obligatorios podr\u00eda impedir el acceso o la prestaci\u00f3n del servicio para el cual fueron solicitados. Los usuarios tambi\u00e9n podr\u00e1n proporcionar datos de manera voluntaria para mejorar la calidad y el rendimiento de los servicios ofrecidos.<\/p><p style=\"margin-bottom: 0cm;\">\u00a0<\/p><p style=\"margin-bottom: 0cm;\">En caso de que los usuarios deban facilitar su correo electr\u00f3nico para acceder a los servicios de Next Formation C.A., tendr\u00e1n la opci\u00f3n de enviar un correo a nextformation.ca@gmail.com si no desean recibir futuras comunicaciones promocionales de la empresa.<\/p>\t\t\t\t\t\t\t\t<\/div>\n\t\t\t\t<\/div>\n\t\t\t\t\t<\/div>\n\t\t<\/div>\n\t\t\t\t\t<\/div>\n\t\t<\/section>\n\t\t\t\t<section class=\"elementor-section elementor-top-section elementor-element elementor-element-83a2778 elementor-section-boxed elementor-section-height-default elementor-section-height-default\" data-id=\"83a2778\" data-element_type=\"section\">\n\t\t\t\t\t\t<div class=\"elementor-container elementor-column-gap-default\">\n\t\t\t\t\t<div class=\"elementor-column elementor-col-100 elementor-top-column elementor-element elementor-element-9e08bb4\" data-id=\"9e08bb4\" data-element_type=\"column\">\n\t\t\t<div class=\"elementor-widget-wrap elementor-element-populated\">\n\t\t\t\t\t\t<div class=\"elementor-element elementor-element-a271577 elementor-widget elementor-widget-heading\" data-id=\"a271577\" data-element_type=\"widget\" data-widget_type=\"heading.default\">\n\t\t\t\t<div class=\"elementor-widget-container\">\n\t\t\t\t\t<h2 class=\"elementor-heading-title elementor-size-default\">Uso de Cookies en el sitio web de Next Formation C.A.<\/h2>\t\t\t\t<\/div>\n\t\t\t\t<\/div>\n\t\t\t\t\t<\/div>\n\t\t<\/div>\n\t\t\t\t\t<\/div>\n\t\t<\/section>\n\t\t\t\t<section class=\"elementor-section elementor-top-section elementor-element elementor-element-1bc9f98 elementor-section-boxed elementor-section-height-default elementor-section-height-default\" data-id=\"1bc9f98\" data-element_type=\"section\">\n\t\t\t\t\t\t<div class=\"elementor-container elementor-column-gap-default\">\n\t\t\t\t\t<div class=\"elementor-column elementor-col-100 elementor-top-column elementor-element elementor-element-172716e\" data-id=\"172716e\" data-element_type=\"column\">\n\t\t\t<div class=\"elementor-widget-wrap elementor-element-populated\">\n\t\t\t\t\t\t<div class=\"elementor-element elementor-element-42f0509 elementor-widget elementor-widget-text-editor\" data-id=\"42f0509\" data-element_type=\"widget\" data-widget_type=\"text-editor.default\">\n\t\t\t\t<div class=\"elementor-widget-container\">\n\t\t\t\t\t\t\t\t\t<p style=\"font-weight: 400;\"><span style=\"font-style: inherit; font-weight: inherit; color: var( --e-global-color-text ); letter-spacing: 0.01em;\">Next Formation C.A. y los\norganizadores de los cursos se reservan el derecho de realizar an\u00e1lisis del\ntiempo de conexi\u00f3n de los usuarios, con el objetivo de evaluar su\ncomportamiento y caracter\u00edsticas para determinar el acceso y la participaci\u00f3n\nen los cursos.<\/span><\/p><p style=\"margin-bottom:0cm\">Es importante que los usuarios\nsean conscientes de que ciertos datos no personales, como el sistema operativo,\nel pa\u00eds de origen, y la fecha y hora de acceso al campus, pueden ser\nrecolectados autom\u00e1ticamente para facilitar el acceso y uso del campus virtual.\nAdem\u00e1s, el campus utiliza cookies, peque\u00f1os archivos de datos generados en el\ndispositivo del usuario, que nos permiten obtener informaci\u00f3n t\u00e9cnica esencial\npara el buen funcionamiento de los servicios ofrecidos. El usuario puede optar\npor desactivar las cookies a trav\u00e9s de la configuraci\u00f3n de su navegador, aunque\nNext Formation C.A. no se responsabiliza por el posible mal funcionamiento del\ncampus virtual si las cookies son desactivadas.<o:p><\/o:p><\/p><p style=\"margin-bottom:0cm\"><br><\/p><p style=\"margin-bottom:0cm\">Los usuarios que proporcionen\ndatos personales otorgan su consentimiento expreso a Next Formation C.A. y a\nlos organizadores de los cursos para la utilizaci\u00f3n de dichos datos en\nactividades relacionadas con el objetivo social de la empresa. Al proporcionar\nsus datos durante el proceso de solicitud de informaci\u00f3n y\/o inscripci\u00f3n al\ncurso, los usuarios son informados de que dichos datos podr\u00e1n ser utilizados\ncon estos fines.<o:p><\/o:p><\/p><p style=\"margin-bottom:0cm\"><br><\/p><p style=\"margin-bottom:0cm\">En el momento de la recolecci\u00f3n de\ndatos, se indicar\u00e1 claramente si la provisi\u00f3n de los mismos es voluntaria u\nobligatoria. La negativa a proporcionar los datos obligatorios podr\u00eda impedir\nel acceso o la prestaci\u00f3n del servicio para el cual fueron solicitados. Los\nusuarios tambi\u00e9n podr\u00e1n proporcionar datos de manera voluntaria para mejorar la\ncalidad y el rendimiento de los servicios ofrecidos.<o:p><\/o:p><\/p><p style=\"margin-bottom:0cm\"><br><\/p><p style=\"margin-bottom:0cm\">En caso de que los usuarios deban\nfacilitar su correo electr\u00f3nico para acceder a los servicios de Next Formation\nC.A., tendr\u00e1n la opci\u00f3n de enviar un correo a nextformation.ca@gmail.com si no\ndesean recibir futuras comunicaciones promocionales de la empresa.<\/p><p style=\"font-weight: 400;\">\n\n\n\n\n\n\n\n\n\n\n\n<\/p><p style=\"margin-bottom:0cm\"><o:p>&nbsp;<\/o:p><\/p>\t\t\t\t\t\t\t\t<\/div>\n\t\t\t\t<\/div>\n\t\t\t\t\t<\/div>\n\t\t<\/div>\n\t\t\t\t\t<\/div>\n\t\t<\/section>\n\t\t\t\t<\/div>\n\t\t","protected":false},"excerpt":{"rendered":"<p>Llena el siguiente formulario con tus requerimientos. Pol\u00edtica de privacidad de datos Pol\u00edtica de Privacidad y uso de datos Next Formation C.A. y los organizadores de los cursos se reservan el derecho de realizar an\u00e1lisis del tiempo de conexi\u00f3n de los usuarios, con el objetivo de evaluar su comportamiento y caracter\u00edsticas para determinar el acceso [&hellip;]<\/p>\n","protected":false},"author":1,"featured_media":0,"parent":0,"menu_order":0,"comment_status":"open","ping_status":"closed","template":"","meta":{"footnotes":""},"class_list":["post-387","page","type-page","status-publish","hentry"],"yoast_head":"<!-- This site is optimized with the Yoast SEO plugin v21.9.1 - https:\/\/yoast.com\/wordpress\/plugins\/seo\/ -->\n<title>Cont\u00e1ctanos -<\/title>\n<meta name=\"robots\" content=\"index, follow, max-snippet:-1, max-image-preview:large, max-video-preview:-1\" \/>\n<link rel=\"canonical\" href=\"https:\/\/nxt-formation.com\/home\/contact\/\" \/>\n<meta property=\"og:locale\" content=\"es_ES\" \/>\n<meta property=\"og:type\" content=\"article\" \/>\n<meta property=\"og:title\" content=\"Cont\u00e1ctanos -\" \/>\n<meta property=\"og:description\" content=\"Llena el siguiente formulario con tus requerimientos. Pol\u00edtica de privacidad de datos Pol\u00edtica de Privacidad y uso de datos Next Formation C.A. y los organizadores de los cursos se reservan el derecho de realizar an\u00e1lisis del tiempo de conexi\u00f3n de los usuarios, con el objetivo de evaluar su comportamiento y caracter\u00edsticas para determinar el acceso [&hellip;]\" \/>\n<meta property=\"og:url\" content=\"https:\/\/nxt-formation.com\/home\/contact\/\" \/>\n<meta property=\"article:publisher\" content=\"https:\/\/www.facebook.com\/NextFormationCA\/?eid=ARADOdoIDLexxgyJ2f0ApJu1GAFUrRFi4iBUqDqcq7wF25KRMrAbdYHeiVUF7kkRzFMc7Kvdn7DRaNr3\" \/>\n<meta property=\"article:modified_time\" content=\"2025-03-07T23:05:32+00:00\" \/>\n<meta name=\"twitter:card\" content=\"summary_large_image\" \/>\n<meta name=\"twitter:site\" content=\"@FormationNext\" \/>\n<meta name=\"twitter:label1\" content=\"Tiempo de lectura\" \/>\n\t<meta name=\"twitter:data1\" content=\"4 minutos\" \/>\n<script type=\"application\/ld+json\" class=\"yoast-schema-graph\">{\"@context\":\"https:\/\/schema.org\",\"@graph\":[{\"@type\":\"WebPage\",\"@id\":\"https:\/\/nxt-formation.com\/home\/contact\/\",\"url\":\"https:\/\/nxt-formation.com\/home\/contact\/\",\"name\":\"Cont\u00e1ctanos -\",\"isPartOf\":{\"@id\":\"https:\/\/nxt-formation.com\/home\/#website\"},\"datePublished\":\"2019-02-06T19:29:31+00:00\",\"dateModified\":\"2025-03-07T23:05:32+00:00\",\"breadcrumb\":{\"@id\":\"https:\/\/nxt-formation.com\/home\/contact\/#breadcrumb\"},\"inLanguage\":\"es\",\"potentialAction\":[{\"@type\":\"ReadAction\",\"target\":[\"https:\/\/nxt-formation.com\/home\/contact\/\"]}]},{\"@type\":\"BreadcrumbList\",\"@id\":\"https:\/\/nxt-formation.com\/home\/contact\/#breadcrumb\",\"itemListElement\":[{\"@type\":\"ListItem\",\"position\":1,\"name\":\"Portada\",\"item\":\"https:\/\/nxt-formation.com\/home\/\"},{\"@type\":\"ListItem\",\"position\":2,\"name\":\"Cont\u00e1ctanos\"}]},{\"@type\":\"WebSite\",\"@id\":\"https:\/\/nxt-formation.com\/home\/#website\",\"url\":\"https:\/\/nxt-formation.com\/home\/\",\"name\":\"www.nxt-formation.com\",\"description\":\"Formaci&oacute;n para tu Futuro\",\"publisher\":{\"@id\":\"https:\/\/nxt-formation.com\/home\/#organization\"},\"potentialAction\":[{\"@type\":\"SearchAction\",\"target\":{\"@type\":\"EntryPoint\",\"urlTemplate\":\"https:\/\/nxt-formation.com\/home\/?s={search_term_string}\"},\"query-input\":\"required name=search_term_string\"}],\"inLanguage\":\"es\"},{\"@type\":\"Organization\",\"@id\":\"https:\/\/nxt-formation.com\/home\/#organization\",\"name\":\"Next Formation C.A.\",\"url\":\"https:\/\/nxt-formation.com\/home\/\",\"logo\":{\"@type\":\"ImageObject\",\"inLanguage\":\"es\",\"@id\":\"https:\/\/nxt-formation.com\/home\/#\/schema\/logo\/image\/\",\"url\":\"https:\/\/nxt-formation.com\/home\/wp-content\/uploads\/2020\/02\/next-Formation-S.png\",\"contentUrl\":\"https:\/\/nxt-formation.com\/home\/wp-content\/uploads\/2020\/02\/next-Formation-S.png\",\"width\":606,\"height\":125,\"caption\":\"Next Formation C.A.\"},\"image\":{\"@id\":\"https:\/\/nxt-formation.com\/home\/#\/schema\/logo\/image\/\"},\"sameAs\":[\"https:\/\/www.facebook.com\/NextFormationCA\/?eid=ARADOdoIDLexxgyJ2f0ApJu1GAFUrRFi4iBUqDqcq7wF25KRMrAbdYHeiVUF7kkRzFMc7Kvdn7DRaNr3\",\"https:\/\/twitter.com\/FormationNext\",\"https:\/\/www.instagram.com\/nextformation\/\"]}]}<\/script>\n<!-- \/ Yoast SEO plugin. -->","yoast_head_json":{"title":"Cont\u00e1ctanos -","robots":{"index":"index","follow":"follow","max-snippet":"max-snippet:-1","max-image-preview":"max-image-preview:large","max-video-preview":"max-video-preview:-1"},"canonical":"https:\/\/nxt-formation.com\/home\/contact\/","og_locale":"es_ES","og_type":"article","og_title":"Cont\u00e1ctanos -","og_description":"Llena el siguiente formulario con tus requerimientos. Pol\u00edtica de privacidad de datos Pol\u00edtica de Privacidad y uso de datos Next Formation C.A. y los organizadores de los cursos se reservan el derecho de realizar an\u00e1lisis del tiempo de conexi\u00f3n de los usuarios, con el objetivo de evaluar su comportamiento y caracter\u00edsticas para determinar el acceso [&hellip;]","og_url":"https:\/\/nxt-formation.com\/home\/contact\/","article_publisher":"https:\/\/www.facebook.com\/NextFormationCA\/?eid=ARADOdoIDLexxgyJ2f0ApJu1GAFUrRFi4iBUqDqcq7wF25KRMrAbdYHeiVUF7kkRzFMc7Kvdn7DRaNr3","article_modified_time":"2025-03-07T23:05:32+00:00","twitter_card":"summary_large_image","twitter_site":"@FormationNext","twitter_misc":{"Tiempo de lectura":"4 minutos"},"schema":{"@context":"https:\/\/schema.org","@graph":[{"@type":"WebPage","@id":"https:\/\/nxt-formation.com\/home\/contact\/","url":"https:\/\/nxt-formation.com\/home\/contact\/","name":"Cont\u00e1ctanos -","isPartOf":{"@id":"https:\/\/nxt-formation.com\/home\/#website"},"datePublished":"2019-02-06T19:29:31+00:00","dateModified":"2025-03-07T23:05:32+00:00","breadcrumb":{"@id":"https:\/\/nxt-formation.com\/home\/contact\/#breadcrumb"},"inLanguage":"es","potentialAction":[{"@type":"ReadAction","target":["https:\/\/nxt-formation.com\/home\/contact\/"]}]},{"@type":"BreadcrumbList","@id":"https:\/\/nxt-formation.com\/home\/contact\/#breadcrumb","itemListElement":[{"@type":"ListItem","position":1,"name":"Portada","item":"https:\/\/nxt-formation.com\/home\/"},{"@type":"ListItem","position":2,"name":"Cont\u00e1ctanos"}]},{"@type":"WebSite","@id":"https:\/\/nxt-formation.com\/home\/#website","url":"https:\/\/nxt-formation.com\/home\/","name":"www.nxt-formation.com","description":"Formaci&oacute;n para tu Futuro","publisher":{"@id":"https:\/\/nxt-formation.com\/home\/#organization"},"potentialAction":[{"@type":"SearchAction","target":{"@type":"EntryPoint","urlTemplate":"https:\/\/nxt-formation.com\/home\/?s={search_term_string}"},"query-input":"required name=search_term_string"}],"inLanguage":"es"},{"@type":"Organization","@id":"https:\/\/nxt-formation.com\/home\/#organization","name":"Next Formation C.A.","url":"https:\/\/nxt-formation.com\/home\/","logo":{"@type":"ImageObject","inLanguage":"es","@id":"https:\/\/nxt-formation.com\/home\/#\/schema\/logo\/image\/","url":"https:\/\/nxt-formation.com\/home\/wp-content\/uploads\/2020\/02\/next-Formation-S.png","contentUrl":"https:\/\/nxt-formation.com\/home\/wp-content\/uploads\/2020\/02\/next-Formation-S.png","width":606,"height":125,"caption":"Next Formation C.A."},"image":{"@id":"https:\/\/nxt-formation.com\/home\/#\/schema\/logo\/image\/"},"sameAs":["https:\/\/www.facebook.com\/NextFormationCA\/?eid=ARADOdoIDLexxgyJ2f0ApJu1GAFUrRFi4iBUqDqcq7wF25KRMrAbdYHeiVUF7kkRzFMc7Kvdn7DRaNr3","https:\/\/twitter.com\/FormationNext","https:\/\/www.instagram.com\/nextformation\/"]}]}},"_links":{"self":[{"href":"https:\/\/nxt-formation.com\/home\/wp-json\/wp\/v2\/pages\/387","targetHints":{"allow":["GET"]}}],"collection":[{"href":"https:\/\/nxt-formation.com\/home\/wp-json\/wp\/v2\/pages"}],"about":[{"href":"https:\/\/nxt-formation.com\/home\/wp-json\/wp\/v2\/types\/page"}],"author":[{"embeddable":true,"href":"https:\/\/nxt-formation.com\/home\/wp-json\/wp\/v2\/users\/1"}],"replies":[{"embeddable":true,"href":"https:\/\/nxt-formation.com\/home\/wp-json\/wp\/v2\/comments?post=387"}],"version-history":[{"count":16,"href":"https:\/\/nxt-formation.com\/home\/wp-json\/wp\/v2\/pages\/387\/revisions"}],"predecessor-version":[{"id":1982,"href":"https:\/\/nxt-formation.com\/home\/wp-json\/wp\/v2\/pages\/387\/revisions\/1982"}],"wp:attachment":[{"href":"https:\/\/nxt-formation.com\/home\/wp-json\/wp\/v2\/media?parent=387"}],"curies":[{"name":"wp","href":"https:\/\/api.w.org\/{rel}","templated":true}]}}